{"id":190,"date":"2022-05-30T18:45:14","date_gmt":"2022-05-30T18:45:14","guid":{"rendered":"https:\/\/atmos.ucla.edu\/csi\/?page_id=190"},"modified":"2023-01-17T16:30:07","modified_gmt":"2023-01-17T16:30:07","slug":"global-warming-faq","status":"publish","type":"page","link":"https:\/\/atmos.ucla.edu\/csi\/global-warming-faq\/","title":{"rendered":"Frequently Asked Questions"},"content":{"rendered":"\n<p>What is <a href=\"https:\/\/atmos.ucla.edu\/csi\/?page_id=188\">El Ni\u00f1o<\/a>?<\/p>\n\n\n\n<ul class=\"wp-block-list\"><li>Are all El Ni\u00f1o events the <a href=\"https:\/\/atmos.ucla.edu\/csi\/global-warming-faq\/what-is-el-nino\/#Varieties-of-El-Ni\u00f1o\" data-type=\"internal\">same<\/a> ?<\/li><li>What are the <a href=\"https:\/\/atmos.ucla.edu\/csi\/global-warming-faq\/what-is-el-nino\/#global-effects\" data-type=\"internal\">Global Impacts of El Ni\u00f1o<\/a>?<\/li><li>How does <a href=\"https:\/\/atmos.ucla.edu\/csi\/global-warming-faq\/what-is-el-nino\/#California-Connection\" data-type=\"internal\">El Ni\u00f1o impact California<\/a> specifically ?<\/li><li>How are <a href=\"https:\/\/atmos.ucla.edu\/csi\/global-warming-faq\/what-is-el-nino\/#Satellite-Rainfall-&amp;-Accumulation\" data-type=\"URL\" data-id=\"https:\/\/atmos.ucla.edu\/csi\/global-warming-faq\/what-is-el-nino\/#Satellite-Rainfall-&amp;-Accumulation\">Satellite Rainfall &amp; Accumulation<\/a> impacted by El Ni\u00f1o events ?<\/li><\/ul>\n\n\n\n<p><\/p>\n\n\n\n<p><\/p>\n","protected":false},"excerpt":{"rendered":"<p>What is El Ni\u00f1o? Are all El Ni\u00f1o events the same ? What are the Global Impacts of El Ni\u00f1o? How does El Ni\u00f1o impact California specifically ? How are Satellite Rainfall &amp; Accumulation impacted by El Ni\u00f1o events ?<\/p>\n","protected":false},"author":20,"featured_media":0,"parent":0,"menu_order":0,"comment_status":"closed","ping_status":"closed","template":"templates-simple-content-page\/general-content-template.php","meta":{"footnotes":""},"class_list":["post-190","page","type-page","status-publish","hentry"],"_links":{"self":[{"href":"https:\/\/atmos.ucla.edu\/csi\/wp-json\/wp\/v2\/pages\/190","targetHints":{"allow":["GET"]}}],"collection":[{"href":"https:\/\/atmos.ucla.edu\/csi\/wp-json\/wp\/v2\/pages"}],"about":[{"href":"https:\/\/atmos.ucla.edu\/csi\/wp-json\/wp\/v2\/types\/page"}],"author":[{"embeddable":true,"href":"https:\/\/atmos.ucla.edu\/csi\/wp-json\/wp\/v2\/users\/20"}],"replies":[{"embeddable":true,"href":"https:\/\/atmos.ucla.edu\/csi\/wp-json\/wp\/v2\/comments?post=190"}],"version-history":[{"count":10,"href":"https:\/\/atmos.ucla.edu\/csi\/wp-json\/wp\/v2\/pages\/190\/revisions"}],"predecessor-version":[{"id":481,"href":"https:\/\/atmos.ucla.edu\/csi\/wp-json\/wp\/v2\/pages\/190\/revisions\/481"}],"wp:attachment":[{"href":"https:\/\/atmos.ucla.edu\/csi\/wp-json\/wp\/v2\/media?parent=190"}],"curies":[{"name":"wp","href":"https:\/\/api.w.org\/{rel}","templated":true}]}}